{"id":68,"date":"2023-09-13T10:19:30","date_gmt":"2023-09-13T08:19:30","guid":{"rendered":"http:\/\/ndwgmdk.cluster028.hosting.ovh.net\/about\/"},"modified":"2024-03-12T11:00:40","modified_gmt":"2024-03-12T09:00:40","slug":"nosotros","status":"publish","type":"page","link":"https:\/\/grupofalin.com\/en\/nosotros\/","title":{"rendered":"Sobre nosotros"},"content":{"rendered":"<div data-elementor-type=\"wp-page\" data-elementor-id=\"68\" class=\"elementor elementor-68\" data-elementor-post-type=\"page\">\n\t\t\t\t<div class=\"elementor-element elementor-element-23bfdf8d e-flex e-con-boxed e-con e-parent\" data-id=\"23bfdf8d\" data-element_type=\"container\" data-e-type=\"container\">\n\t\t\t\t\t<div class=\"e-con-inner\">\n\t\t<div class=\"elementor-element elementor-element-6cdd926 e-flex e-con-boxed e-con e-child\" data-id=\"6cdd926\" data-element_type=\"container\" data-e-type=\"container\" data-settings=\"{&quot;background_background&quot;:&quot;classic&quot;}\">\n\t\t\t\t\t<div class=\"e-con-inner\">\n\t\t\t\t\t<\/div>\n\t\t\t\t<\/div>\n\t\t<div class=\"elementor-element elementor-element-b3febfc e-flex e-con-boxed e-con e-child\" data-id=\"b3febfc\" data-element_type=\"container\" data-e-type=\"container\">\n\t\t\t\t\t<div class=\"e-con-inner\">\n\t\t\t\t<div class=\"elementor-element elementor-element-2081fa83 elementor-widget elementor-widget-heading\" data-id=\"2081fa83\" data-element_type=\"widget\" data-e-type=\"widget\" data-widget_type=\"heading.default\">\n\t\t\t\t<div class=\"elementor-widget-container\">\n\t\t\t\t\t<h1 class=\"elementor-heading-title elementor-size-default\">Sobre Nosotros<\/h1>\t\t\t\t<\/div>\n\t\t\t\t<\/div>\n\t\t\t\t<div class=\"elementor-element elementor-element-1420eb3 elementor-widget elementor-widget-text-editor\" data-id=\"1420eb3\" data-element_type=\"widget\" data-e-type=\"widget\" data-widget_type=\"text-editor.default\">\n\t\t\t\t<div class=\"elementor-widget-container\">\n\t\t\t\t\t\t\t\t\t<p>Falin es una empresa familiar formada por varias sociedades dedicadas a a promoci\u00f3n, construcci\u00f3n y gesti\u00f3n de alquileres, principalmente desarrollando nuestra actividad en la provincia de Alicante.<\/p>\t\t\t\t\t\t\t\t<\/div>\n\t\t\t\t<\/div>\n\t\t\t\t\t<\/div>\n\t\t\t\t<\/div>\n\t\t\t\t\t<\/div>\n\t\t\t\t<\/div>\n\t\t<div class=\"elementor-element elementor-element-163d5e6 e-flex e-con-boxed e-con e-parent\" data-id=\"163d5e6\" data-element_type=\"container\" data-e-type=\"container\">\n\t\t\t\t\t<div class=\"e-con-inner\">\n\t\t<div class=\"elementor-element elementor-element-9d48c8a e-flex e-con-boxed e-con e-child\" data-id=\"9d48c8a\" data-element_type=\"container\" data-e-type=\"container\" data-settings=\"{&quot;background_background&quot;:&quot;classic&quot;}\">\n\t\t\t\t\t<div class=\"e-con-inner\">\n\t\t\t\t\t<\/div>\n\t\t\t\t<\/div>\n\t\t<div class=\"elementor-element elementor-element-ea8d70c e-flex e-con-boxed e-con e-child\" data-id=\"ea8d70c\" data-element_type=\"container\" data-e-type=\"container\">\n\t\t\t\t\t<div class=\"e-con-inner\">\n\t\t\t\t<div class=\"elementor-element elementor-element-8e30b1f elementor-widget elementor-widget-heading\" data-id=\"8e30b1f\" data-element_type=\"widget\" data-e-type=\"widget\" data-widget_type=\"heading.default\">\n\t\t\t\t<div class=\"elementor-widget-container\">\n\t\t\t\t\t<h1 class=\"elementor-heading-title elementor-size-default\">Nuestra trayectoria<\/h1>\t\t\t\t<\/div>\n\t\t\t\t<\/div>\n\t\t\t\t<div class=\"elementor-element elementor-element-9e8967f elementor-widget elementor-widget-text-editor\" data-id=\"9e8967f\" data-element_type=\"widget\" data-e-type=\"widget\" data-widget_type=\"text-editor.default\">\n\t\t\t\t<div class=\"elementor-widget-container\">\n\t\t\t\t\t\t\t\t\tFue fundada por D. Rafael Ant\u00f3n Alema\u00f1 hace m\u00e1s de 40 a\u00f1os, gestionada hoy por la segunda generaci\u00f3n siguiendo los mismos valores que les identifica como equipo aportando calidad, solvencia, compromiso y honestidad a los clientes.\t\t\t\t\t\t\t\t<\/div>\n\t\t\t\t<\/div>\n\t\t\t\t\t<\/div>\n\t\t\t\t<\/div>\n\t\t\t\t\t<\/div>\n\t\t\t\t<\/div>\n\t\t<div class=\"elementor-element elementor-element-6e9d947b e-con-full e-flex e-con e-parent\" data-id=\"6e9d947b\" data-element_type=\"container\" data-e-type=\"container\">\n\t\t<div class=\"elementor-element elementor-element-959e367 e-flex e-con-boxed e-con e-child\" data-id=\"959e367\" data-element_type=\"container\" data-e-type=\"container\">\n\t\t\t\t\t<div class=\"e-con-inner\">\n\t\t\t\t<div class=\"elementor-element elementor-element-eb021c9 elementor-widget elementor-widget-heading\" data-id=\"eb021c9\" data-element_type=\"widget\" data-e-type=\"widget\" data-widget_type=\"heading.default\">\n\t\t\t\t<div class=\"elementor-widget-container\">\n\t\t\t\t\t<h2 class=\"elementor-heading-title elementor-size-default\">Nuestro equipo<\/h2>\t\t\t\t<\/div>\n\t\t\t\t<\/div>\n\t\t\t\t<div class=\"elementor-element elementor-element-de9c0d4 elementor-widget elementor-widget-text-editor\" data-id=\"de9c0d4\" data-element_type=\"widget\" data-e-type=\"widget\" data-widget_type=\"text-editor.default\">\n\t\t\t\t<div class=\"elementor-widget-container\">\n\t\t\t\t\t\t\t\t\tContamos con la experiencia que avala los m\u00e1s de 40 a\u00f1os de trabajo y los numerosos proyectos desarrollados con gran \u00e9xito. Con sede en Elche, intentamos ofrecer a nuestros clientes un servicio de atenci\u00f3n personalizada, brindando asesoramiento profesional durante todo el proceso de compra y alquiler.\t\t\t\t\t\t\t\t<\/div>\n\t\t\t\t<\/div>\n\t\t\t\t\t<\/div>\n\t\t\t\t<\/div>\n\t\t<div class=\"elementor-element elementor-element-1103bdf9 e-flex e-con-boxed e-con e-child\" data-id=\"1103bdf9\" data-element_type=\"container\" data-e-type=\"container\">\n\t\t\t\t\t<div class=\"e-con-inner\">\n\t\t\t\t<div class=\"elementor-element elementor-element-658423ea elementor-widget__width-initial elementor-widget-mobile__width-inherit elementor-position-top elementor-widget elementor-widget-image-box\" data-id=\"658423ea\" data-element_type=\"widget\" data-e-type=\"widget\" data-widget_type=\"image-box.default\">\n\t\t\t\t<div class=\"elementor-widget-container\">\n\t\t\t\t\t<div class=\"elementor-image-box-wrapper\"><figure class=\"elementor-image-box-img\"><img decoding=\"async\" width=\"114\" height=\"79\" src=\"https:\/\/grupofalin.com\/wp-content\/uploads\/2023\/09\/Quotation_3.svg\" class=\"elementor-animation-grow attachment-full size-full wp-image-69\" alt=\"\" \/><\/figure><div class=\"elementor-image-box-content\"><h4 class=\"elementor-image-box-title\">D. Rafael Ant\u00f3n, Gerente<\/h4><p class=\"elementor-image-box-description\">Fundador de Falin inmobiliaria desde hace 40 a\u00f1os  promoviendo la solvencia, honestidad y trabajo en equipo de esta empresa.<\/p><\/div><\/div>\t\t\t\t<\/div>\n\t\t\t\t<\/div>\n\t\t\t\t<div class=\"elementor-element elementor-element-38035967 elementor-widget__width-initial elementor-widget-mobile__width-inherit elementor-position-top elementor-widget elementor-widget-image-box\" data-id=\"38035967\" data-element_type=\"widget\" data-e-type=\"widget\" data-widget_type=\"image-box.default\">\n\t\t\t\t<div class=\"elementor-widget-container\">\n\t\t\t\t\t<div class=\"elementor-image-box-wrapper\"><figure class=\"elementor-image-box-img\"><img decoding=\"async\" width=\"114\" height=\"79\" src=\"https:\/\/grupofalin.com\/wp-content\/uploads\/2023\/09\/Quotation_3.svg\" class=\"elementor-animation-grow attachment-full size-full wp-image-69\" alt=\"\" \/><\/figure><div class=\"elementor-image-box-content\"><h4 class=\"elementor-image-box-title\">D\u00aa. Emma Ant\u00f3n, Directora General<\/h4><p class=\"elementor-image-box-description\">A cargo del equipo de trabajo, coordina las diferentes \u00e1reas y la gesti\u00f3n administrativa y financiera.<\/p><\/div><\/div>\t\t\t\t<\/div>\n\t\t\t\t<\/div>\n\t\t\t\t<div class=\"elementor-element elementor-element-73dd856 elementor-widget__width-initial elementor-widget-mobile__width-inherit elementor-position-top elementor-widget elementor-widget-image-box\" data-id=\"73dd856\" data-element_type=\"widget\" data-e-type=\"widget\" data-widget_type=\"image-box.default\">\n\t\t\t\t<div class=\"elementor-widget-container\">\n\t\t\t\t\t<div class=\"elementor-image-box-wrapper\"><figure class=\"elementor-image-box-img\"><img decoding=\"async\" width=\"114\" height=\"79\" src=\"https:\/\/grupofalin.com\/wp-content\/uploads\/2023\/09\/Quotation_3.svg\" class=\"elementor-animation-grow attachment-full size-full wp-image-69\" alt=\"\" \/><\/figure><div class=\"elementor-image-box-content\"><h4 class=\"elementor-image-box-title\">D\u00aa. Esther Lara, Directora de Administraci\u00f3n<\/h4><p class=\"elementor-image-box-description\">La planificaci\u00f3n y coordinaci\u00f3n de los trabajos de construcci\u00f3n y  supervisi\u00f3n del cumplimiento de los plazos con los est\u00e1ndares de calidad.<\/p><\/div><\/div>\t\t\t\t<\/div>\n\t\t\t\t<\/div>\n\t\t\t\t\t<\/div>\n\t\t\t\t<\/div>\n\t\t\t\t<\/div>\n\t\t\t\t<\/div>","protected":false},"excerpt":{"rendered":"<p>Sobre Nosotros Falin es una empresa familiar formada por varias sociedades dedicadas a a promoci\u00f3n, construcci\u00f3n y gesti\u00f3n de alquileres, principalmente desarrollando nuestra actividad en la provincia de Alicante. Nuestra trayectoria Fue fundada por D. Rafael Ant\u00f3n Alema\u00f1 hace m\u00e1s de 40 a\u00f1os, gestionada hoy por la segunda generaci\u00f3n siguiendo los mismos valores que les [&hellip;]<\/p>\n","protected":false},"author":1,"featured_media":956,"parent":0,"menu_order":0,"comment_status":"closed","ping_status":"closed","template":"elementor_header_footer","meta":{"footnotes":""},"class_list":["post-68","page","type-page","status-publish","has-post-thumbnail","hentry"],"yoast_head":"<!-- This site is optimized with the Yoast SEO plugin v27.4 - https:\/\/yoast.com\/product\/yoast-seo-wordpress\/ -->\n<title>Sobre nosotros - Falin<\/title>\n<meta name=\"description\" content=\"Falin es una empresa familiar formada por varias sociedades dedicadas a a promoci\u00f3n, construcci\u00f3n y gesti\u00f3n de alquileres.\" \/>\n<meta name=\"robots\" content=\"index, follow, max-snippet:-1, max-image-preview:large, max-video-preview:-1\" \/>\n<link rel=\"canonical\" href=\"https:\/\/grupofalin.com\/en\/nosotros\/\" \/>\n<meta property=\"og:locale\" content=\"en_GB\" \/>\n<meta property=\"og:type\" content=\"article\" \/>\n<meta property=\"og:title\" content=\"Sobre nosotros - Falin\" \/>\n<meta property=\"og:description\" content=\"Falin es una empresa familiar formada por varias sociedades dedicadas a a promoci\u00f3n, construcci\u00f3n y gesti\u00f3n de alquileres.\" \/>\n<meta property=\"og:url\" content=\"https:\/\/grupofalin.com\/en\/nosotros\/\" \/>\n<meta property=\"og:site_name\" content=\"Falin\" \/>\n<meta property=\"article:modified_time\" content=\"2024-03-12T09:00:40+00:00\" \/>\n<meta property=\"og:image\" content=\"https:\/\/grupofalin.com\/wp-content\/uploads\/2024\/03\/Favicon-grupofalin-svg.jpg\" \/>\n\t<meta property=\"og:image:width\" content=\"513\" \/>\n\t<meta property=\"og:image:height\" content=\"513\" \/>\n\t<meta property=\"og:image:type\" content=\"image\/jpeg\" \/>\n<meta name=\"twitter:card\" content=\"summary_large_image\" \/>\n<meta name=\"twitter:label1\" content=\"Estimated reading time\" \/>\n\t<meta name=\"twitter:data1\" content=\"2 minutes\" \/>\n<script type=\"application\/ld+json\" class=\"yoast-schema-graph\">{\"@context\":\"https:\\\/\\\/schema.org\",\"@graph\":[{\"@type\":\"WebPage\",\"@id\":\"https:\\\/\\\/grupofalin.com\\\/nosotros\\\/\",\"url\":\"https:\\\/\\\/grupofalin.com\\\/nosotros\\\/\",\"name\":\"Sobre nosotros - Falin\",\"isPartOf\":{\"@id\":\"https:\\\/\\\/grupofalin.com\\\/#website\"},\"primaryImageOfPage\":{\"@id\":\"https:\\\/\\\/grupofalin.com\\\/nosotros\\\/#primaryimage\"},\"image\":{\"@id\":\"https:\\\/\\\/grupofalin.com\\\/nosotros\\\/#primaryimage\"},\"thumbnailUrl\":\"https:\\\/\\\/grupofalin.com\\\/wp-content\\\/uploads\\\/2024\\\/03\\\/Favicon-grupofalin-svg.jpg\",\"datePublished\":\"2023-09-13T08:19:30+00:00\",\"dateModified\":\"2024-03-12T09:00:40+00:00\",\"description\":\"Falin es una empresa familiar formada por varias sociedades dedicadas a a promoci\u00f3n, construcci\u00f3n y gesti\u00f3n de alquileres.\",\"breadcrumb\":{\"@id\":\"https:\\\/\\\/grupofalin.com\\\/nosotros\\\/#breadcrumb\"},\"inLanguage\":\"en-GB\",\"potentialAction\":[{\"@type\":\"ReadAction\",\"target\":[\"https:\\\/\\\/grupofalin.com\\\/nosotros\\\/\"]}]},{\"@type\":\"ImageObject\",\"inLanguage\":\"en-GB\",\"@id\":\"https:\\\/\\\/grupofalin.com\\\/nosotros\\\/#primaryimage\",\"url\":\"https:\\\/\\\/grupofalin.com\\\/wp-content\\\/uploads\\\/2024\\\/03\\\/Favicon-grupofalin-svg.jpg\",\"contentUrl\":\"https:\\\/\\\/grupofalin.com\\\/wp-content\\\/uploads\\\/2024\\\/03\\\/Favicon-grupofalin-svg.jpg\",\"width\":513,\"height\":513},{\"@type\":\"BreadcrumbList\",\"@id\":\"https:\\\/\\\/grupofalin.com\\\/nosotros\\\/#breadcrumb\",\"itemListElement\":[{\"@type\":\"ListItem\",\"position\":1,\"name\":\"Grupo Falin\",\"item\":\"https:\\\/\\\/grupofalin.com\\\/\"},{\"@type\":\"ListItem\",\"position\":2,\"name\":\"Sobre nosotros\"}]},{\"@type\":\"WebSite\",\"@id\":\"https:\\\/\\\/grupofalin.com\\\/#website\",\"url\":\"https:\\\/\\\/grupofalin.com\\\/\",\"name\":\"Falin\",\"description\":\"Venta y Alquiler de Inmuebles\",\"publisher\":{\"@id\":\"https:\\\/\\\/grupofalin.com\\\/#organization\"},\"alternateName\":\"Grupo Falin\",\"potentialAction\":[{\"@type\":\"SearchAction\",\"target\":{\"@type\":\"EntryPoint\",\"urlTemplate\":\"https:\\\/\\\/grupofalin.com\\\/?s={search_term_string}\"},\"query-input\":{\"@type\":\"PropertyValueSpecification\",\"valueRequired\":true,\"valueName\":\"search_term_string\"}}],\"inLanguage\":\"en-GB\"},{\"@type\":\"Organization\",\"@id\":\"https:\\\/\\\/grupofalin.com\\\/#organization\",\"name\":\"Falin\",\"alternateName\":\"Grupo Falin\",\"url\":\"https:\\\/\\\/grupofalin.com\\\/\",\"logo\":{\"@type\":\"ImageObject\",\"inLanguage\":\"en-GB\",\"@id\":\"https:\\\/\\\/grupofalin.com\\\/#\\\/schema\\\/logo\\\/image\\\/\",\"url\":\"https:\\\/\\\/grupofalin.com\\\/wp-content\\\/uploads\\\/2024\\\/03\\\/Grupo-Falin.png\",\"contentUrl\":\"https:\\\/\\\/grupofalin.com\\\/wp-content\\\/uploads\\\/2024\\\/03\\\/Grupo-Falin.png\",\"width\":5558,\"height\":1086,\"caption\":\"Falin\"},\"image\":{\"@id\":\"https:\\\/\\\/grupofalin.com\\\/#\\\/schema\\\/logo\\\/image\\\/\"}}]}<\/script>\n<!-- \/ Yoast SEO plugin. -->","yoast_head_json":{"title":"Sobre nosotros - Falin","description":"Falin es una empresa familiar formada por varias sociedades dedicadas a a promoci\u00f3n, construcci\u00f3n y gesti\u00f3n de alquileres.","robots":{"index":"index","follow":"follow","max-snippet":"max-snippet:-1","max-image-preview":"max-image-preview:large","max-video-preview":"max-video-preview:-1"},"canonical":"https:\/\/grupofalin.com\/en\/nosotros\/","og_locale":"en_GB","og_type":"article","og_title":"Sobre nosotros - Falin","og_description":"Falin es una empresa familiar formada por varias sociedades dedicadas a a promoci\u00f3n, construcci\u00f3n y gesti\u00f3n de alquileres.","og_url":"https:\/\/grupofalin.com\/en\/nosotros\/","og_site_name":"Falin","article_modified_time":"2024-03-12T09:00:40+00:00","og_image":[{"width":513,"height":513,"url":"https:\/\/grupofalin.com\/wp-content\/uploads\/2024\/03\/Favicon-grupofalin-svg.jpg","type":"image\/jpeg"}],"twitter_card":"summary_large_image","twitter_misc":{"Estimated reading time":"2 minutes"},"schema":{"@context":"https:\/\/schema.org","@graph":[{"@type":"WebPage","@id":"https:\/\/grupofalin.com\/nosotros\/","url":"https:\/\/grupofalin.com\/nosotros\/","name":"Sobre nosotros - Falin","isPartOf":{"@id":"https:\/\/grupofalin.com\/#website"},"primaryImageOfPage":{"@id":"https:\/\/grupofalin.com\/nosotros\/#primaryimage"},"image":{"@id":"https:\/\/grupofalin.com\/nosotros\/#primaryimage"},"thumbnailUrl":"https:\/\/grupofalin.com\/wp-content\/uploads\/2024\/03\/Favicon-grupofalin-svg.jpg","datePublished":"2023-09-13T08:19:30+00:00","dateModified":"2024-03-12T09:00:40+00:00","description":"Falin es una empresa familiar formada por varias sociedades dedicadas a a promoci\u00f3n, construcci\u00f3n y gesti\u00f3n de alquileres.","breadcrumb":{"@id":"https:\/\/grupofalin.com\/nosotros\/#breadcrumb"},"inLanguage":"en-GB","potentialAction":[{"@type":"ReadAction","target":["https:\/\/grupofalin.com\/nosotros\/"]}]},{"@type":"ImageObject","inLanguage":"en-GB","@id":"https:\/\/grupofalin.com\/nosotros\/#primaryimage","url":"https:\/\/grupofalin.com\/wp-content\/uploads\/2024\/03\/Favicon-grupofalin-svg.jpg","contentUrl":"https:\/\/grupofalin.com\/wp-content\/uploads\/2024\/03\/Favicon-grupofalin-svg.jpg","width":513,"height":513},{"@type":"BreadcrumbList","@id":"https:\/\/grupofalin.com\/nosotros\/#breadcrumb","itemListElement":[{"@type":"ListItem","position":1,"name":"Grupo Falin","item":"https:\/\/grupofalin.com\/"},{"@type":"ListItem","position":2,"name":"Sobre nosotros"}]},{"@type":"WebSite","@id":"https:\/\/grupofalin.com\/#website","url":"https:\/\/grupofalin.com\/","name":"Falin","description":"Venta y Alquiler de Inmuebles","publisher":{"@id":"https:\/\/grupofalin.com\/#organization"},"alternateName":"Grupo Falin","potentialAction":[{"@type":"SearchAction","target":{"@type":"EntryPoint","urlTemplate":"https:\/\/grupofalin.com\/?s={search_term_string}"},"query-input":{"@type":"PropertyValueSpecification","valueRequired":true,"valueName":"search_term_string"}}],"inLanguage":"en-GB"},{"@type":"Organization","@id":"https:\/\/grupofalin.com\/#organization","name":"Falin","alternateName":"Grupo Falin","url":"https:\/\/grupofalin.com\/","logo":{"@type":"ImageObject","inLanguage":"en-GB","@id":"https:\/\/grupofalin.com\/#\/schema\/logo\/image\/","url":"https:\/\/grupofalin.com\/wp-content\/uploads\/2024\/03\/Grupo-Falin.png","contentUrl":"https:\/\/grupofalin.com\/wp-content\/uploads\/2024\/03\/Grupo-Falin.png","width":5558,"height":1086,"caption":"Falin"},"image":{"@id":"https:\/\/grupofalin.com\/#\/schema\/logo\/image\/"}}]}},"_links":{"self":[{"href":"https:\/\/grupofalin.com\/en\/wp-json\/wp\/v2\/pages\/68","targetHints":{"allow":["GET"]}}],"collection":[{"href":"https:\/\/grupofalin.com\/en\/wp-json\/wp\/v2\/pages"}],"about":[{"href":"https:\/\/grupofalin.com\/en\/wp-json\/wp\/v2\/types\/page"}],"author":[{"embeddable":true,"href":"https:\/\/grupofalin.com\/en\/wp-json\/wp\/v2\/users\/1"}],"replies":[{"embeddable":true,"href":"https:\/\/grupofalin.com\/en\/wp-json\/wp\/v2\/comments?post=68"}],"version-history":[{"count":103,"href":"https:\/\/grupofalin.com\/en\/wp-json\/wp\/v2\/pages\/68\/revisions"}],"predecessor-version":[{"id":1291,"href":"https:\/\/grupofalin.com\/en\/wp-json\/wp\/v2\/pages\/68\/revisions\/1291"}],"wp:featuredmedia":[{"embeddable":true,"href":"https:\/\/grupofalin.com\/en\/wp-json\/wp\/v2\/media\/956"}],"wp:attachment":[{"href":"https:\/\/grupofalin.com\/en\/wp-json\/wp\/v2\/media?parent=68"}],"curies":[{"name":"wp","href":"https:\/\/api.w.org\/{rel}","templated":true}]}}