{"id":42,"date":"2023-09-13T10:19:24","date_gmt":"2023-09-13T08:19:24","guid":{"rendered":"http:\/\/ndwgmdk.cluster028.hosting.ovh.net\/services\/"},"modified":"2024-03-14T13:58:04","modified_gmt":"2024-03-14T11:58:04","slug":"servicios","status":"publish","type":"page","link":"https:\/\/grupofalin.com\/en\/servicios\/","title":{"rendered":"Servicios"},"content":{"rendered":"\t\t<div data-elementor-type=\"wp-page\" data-elementor-id=\"42\" class=\"elementor elementor-42\" data-elementor-post-type=\"page\">\n\t\t\t\t<div class=\"elementor-element elementor-element-90c0aec e-con-full e-flex e-con e-parent\" data-id=\"90c0aec\" data-element_type=\"container\" data-e-type=\"container\">\n\t\t<div class=\"elementor-element elementor-element-3f323614 e-con-full e-flex e-con e-child\" data-id=\"3f323614\" data-element_type=\"container\" data-e-type=\"container\" data-settings=\"{&quot;background_background&quot;:&quot;slideshow&quot;,&quot;background_slideshow_gallery&quot;:[{&quot;id&quot;:714,&quot;url&quot;:&quot;https:\\\/\\\/grupofalin.com\\\/wp-content\\\/uploads\\\/2023\\\/09\\\/0003_WhatsApp-Image-2023-09-14-at-12.03.11-1.jpg&quot;},{&quot;id&quot;:731,&quot;url&quot;:&quot;https:\\\/\\\/grupofalin.com\\\/wp-content\\\/uploads\\\/2023\\\/09\\\/0000_WhatsApp-Image-2023-09-14-at-12.46.25.jpg&quot;},{&quot;id&quot;:730,&quot;url&quot;:&quot;https:\\\/\\\/grupofalin.com\\\/wp-content\\\/uploads\\\/2023\\\/09\\\/0001_WhatsApp-Image-2023-09-14-at-12.46.24.jpg&quot;}],&quot;background_slideshow_lazyload&quot;:&quot;yes&quot;,&quot;background_slideshow_ken_burns&quot;:&quot;yes&quot;,&quot;background_slideshow_ken_burns_zoom_direction&quot;:&quot;out&quot;,&quot;background_slideshow_loop&quot;:&quot;yes&quot;,&quot;background_slideshow_slide_duration&quot;:5000,&quot;background_slideshow_slide_transition&quot;:&quot;fade&quot;,&quot;background_slideshow_transition_duration&quot;:500}\">\n\t\t\t\t<\/div>\n\t\t<div class=\"elementor-element elementor-element-239b68cb e-con-full e-flex e-con e-child\" data-id=\"239b68cb\" data-element_type=\"container\" data-e-type=\"container\" data-settings=\"{&quot;background_background&quot;:&quot;classic&quot;}\">\n\t\t\t\t<div class=\"elementor-element elementor-element-2e0bd64b elementor-widget elementor-widget-heading\" data-id=\"2e0bd64b\" data-element_type=\"widget\" data-e-type=\"widget\" data-widget_type=\"heading.default\">\n\t\t\t\t<div class=\"elementor-widget-container\">\n\t\t\t\t\t<h2 class=\"elementor-heading-title elementor-size-default\">Promoci\u00f3n de viviendas<\/h2>\t\t\t\t<\/div>\n\t\t\t\t<\/div>\n\t\t\t\t<div class=\"elementor-element elementor-element-35dff934 elementor-widget elementor-widget-text-editor\" data-id=\"35dff934\" data-element_type=\"widget\" data-e-type=\"widget\" data-widget_type=\"text-editor.default\">\n\t\t\t\t<div class=\"elementor-widget-container\">\n\t\t\t\t\t\t\t\t\tAmplia variedad de venta y alquiler de inmuebles en toda la provincia de Alicante.\t\t\t\t\t\t\t\t<\/div>\n\t\t\t\t<\/div>\n\t\t\t\t<div class=\"elementor-element elementor-element-0ae5c8e elementor-align-center elementor-widget elementor-widget-button\" data-id=\"0ae5c8e\" data-element_type=\"widget\" data-e-type=\"widget\" data-widget_type=\"button.default\">\n\t\t\t\t<div class=\"elementor-widget-container\">\n\t\t\t\t\t\t\t\t\t<div class=\"elementor-button-wrapper\">\n\t\t\t\t\t<a class=\"elementor-button elementor-button-link elementor-size-sm\" href=\"\/propiedades\">\n\t\t\t\t\t\t<span class=\"elementor-button-content-wrapper\">\n\t\t\t\t\t\t<span class=\"elementor-button-icon\">\n\t\t\t\t<i aria-hidden=\"true\" class=\"fab fa-searchengin\"><\/i>\t\t\t<\/span>\n\t\t\t\t\t\t\t\t\t<span class=\"elementor-button-text\">Buscar<\/span>\n\t\t\t\t\t<\/span>\n\t\t\t\t\t<\/a>\n\t\t\t\t<\/div>\n\t\t\t\t\t\t\t\t<\/div>\n\t\t\t\t<\/div>\n\t\t\t\t<\/div>\n\t\t\t\t<\/div>\n\t\t<div class=\"elementor-element elementor-element-0d3ead5 e-con-full e-flex e-con e-parent\" data-id=\"0d3ead5\" data-element_type=\"container\" data-e-type=\"container\" data-settings=\"{&quot;background_background&quot;:&quot;classic&quot;}\">\n\t\t<div class=\"elementor-element elementor-element-997aba9 e-con-full e-flex e-con e-child\" data-id=\"997aba9\" data-element_type=\"container\" data-e-type=\"container\" data-settings=\"{&quot;background_background&quot;:&quot;classic&quot;}\">\n\t\t\t\t<\/div>\n\t\t<div class=\"elementor-element elementor-element-27d2576 e-con-full e-flex e-con e-child\" data-id=\"27d2576\" data-element_type=\"container\" data-e-type=\"container\" data-settings=\"{&quot;background_background&quot;:&quot;classic&quot;}\">\n\t\t\t\t<div class=\"elementor-element elementor-element-7d485d8 elementor-widget elementor-widget-heading\" data-id=\"7d485d8\" data-element_type=\"widget\" data-e-type=\"widget\" data-widget_type=\"heading.default\">\n\t\t\t\t<div class=\"elementor-widget-container\">\n\t\t\t\t\t<h2 class=\"elementor-heading-title elementor-size-default\">Promoci\u00f3n de edificios industriales<\/h2>\t\t\t\t<\/div>\n\t\t\t\t<\/div>\n\t\t\t\t<div class=\"elementor-element elementor-element-c9f4652 elementor-widget elementor-widget-text-editor\" data-id=\"c9f4652\" data-element_type=\"widget\" data-e-type=\"widget\" data-widget_type=\"text-editor.default\">\n\t\t\t\t<div class=\"elementor-widget-container\">\n\t\t\t\t\t\t\t\t\tNaves en parques empresariales en venta o alquiler.\t\t\t\t\t\t\t\t<\/div>\n\t\t\t\t<\/div>\n\t\t\t\t<div class=\"elementor-element elementor-element-f628f08 elementor-align-center elementor-widget elementor-widget-button\" data-id=\"f628f08\" data-element_type=\"widget\" data-e-type=\"widget\" data-widget_type=\"button.default\">\n\t\t\t\t<div class=\"elementor-widget-container\">\n\t\t\t\t\t\t\t\t\t<div class=\"elementor-button-wrapper\">\n\t\t\t\t\t<a class=\"elementor-button elementor-button-link elementor-size-sm\" href=\"\/propiedades\">\n\t\t\t\t\t\t<span class=\"elementor-button-content-wrapper\">\n\t\t\t\t\t\t<span class=\"elementor-button-icon\">\n\t\t\t\t<i aria-hidden=\"true\" class=\"fab fa-searchengin\"><\/i>\t\t\t<\/span>\n\t\t\t\t\t\t\t\t\t<span class=\"elementor-button-text\">Buscar<\/span>\n\t\t\t\t\t<\/span>\n\t\t\t\t\t<\/a>\n\t\t\t\t<\/div>\n\t\t\t\t\t\t\t\t<\/div>\n\t\t\t\t<\/div>\n\t\t\t\t<\/div>\n\t\t\t\t<\/div>\n\t\t<div class=\"elementor-element elementor-element-788984e e-con-full e-flex e-con e-parent\" data-id=\"788984e\" data-element_type=\"container\" data-e-type=\"container\" data-settings=\"{&quot;background_background&quot;:&quot;classic&quot;}\">\n\t\t<div class=\"elementor-element elementor-element-c1a330d e-con-full e-flex e-con e-child\" data-id=\"c1a330d\" data-element_type=\"container\" data-e-type=\"container\" data-settings=\"{&quot;background_background&quot;:&quot;classic&quot;}\">\n\t\t\t\t<\/div>\n\t\t<div class=\"elementor-element elementor-element-742c7d9 e-con-full e-flex e-con e-child\" data-id=\"742c7d9\" data-element_type=\"container\" data-e-type=\"container\" data-settings=\"{&quot;background_background&quot;:&quot;classic&quot;}\">\n\t\t\t\t<div class=\"elementor-element elementor-element-5e4c0bd elementor-widget elementor-widget-heading\" data-id=\"5e4c0bd\" data-element_type=\"widget\" data-e-type=\"widget\" data-widget_type=\"heading.default\">\n\t\t\t\t<div class=\"elementor-widget-container\">\n\t\t\t\t\t<h2 class=\"elementor-heading-title elementor-size-default\">Gesti\u00f3n del patrimonio<\/h2>\t\t\t\t<\/div>\n\t\t\t\t<\/div>\n\t\t\t\t<div class=\"elementor-element elementor-element-e2ddc8c elementor-widget elementor-widget-text-editor\" data-id=\"e2ddc8c\" data-element_type=\"widget\" data-e-type=\"widget\" data-widget_type=\"text-editor.default\">\n\t\t\t\t<div class=\"elementor-widget-container\">\n\t\t\t\t\t\t\t\t\tGesti\u00f3n de venta y alquiler de patrimonio inmobiliario as\u00ed como, gesti\u00f3n y b\u00fasqueda de hipotecas y financiaci\u00f3n de pr\u00e9stamos.\t\t\t\t\t\t\t\t<\/div>\n\t\t\t\t<\/div>\n\t\t\t\t<div class=\"elementor-element elementor-element-f52b129 elementor-align-center elementor-widget elementor-widget-button\" data-id=\"f52b129\" data-element_type=\"widget\" data-e-type=\"widget\" data-widget_type=\"button.default\">\n\t\t\t\t<div class=\"elementor-widget-container\">\n\t\t\t\t\t\t\t\t\t<div class=\"elementor-button-wrapper\">\n\t\t\t\t\t<a class=\"elementor-button elementor-button-link elementor-size-sm\" href=\"http:\/\/contacto\/\">\n\t\t\t\t\t\t<span class=\"elementor-button-content-wrapper\">\n\t\t\t\t\t\t\t\t\t<span class=\"elementor-button-text\">Contacto<\/span>\n\t\t\t\t\t<\/span>\n\t\t\t\t\t<\/a>\n\t\t\t\t<\/div>\n\t\t\t\t\t\t\t\t<\/div>\n\t\t\t\t<\/div>\n\t\t\t\t<\/div>\n\t\t\t\t<\/div>\n\t\t\t\t<\/div>\n\t\t","protected":false},"excerpt":{"rendered":"<p>Promoci\u00f3n de viviendas Amplia variedad de venta y alquiler de inmuebles en toda la provincia de Alicante. Buscar Promoci\u00f3n de edificios industriales Naves en parques empresariales en venta o alquiler. Buscar Gesti\u00f3n del patrimonio Gesti\u00f3n de venta y alquiler de patrimonio inmobiliario as\u00ed como, gesti\u00f3n y b\u00fasqueda de hipotecas y financiaci\u00f3n de pr\u00e9stamos. Contacto<\/p>","protected":false},"author":1,"featured_media":0,"parent":0,"menu_order":0,"comment_status":"closed","ping_status":"closed","template":"elementor_header_footer","meta":{"footnotes":""},"class_list":["post-42","page","type-page","status-publish","hentry"],"yoast_head":"<!-- This site is optimized with the Yoast SEO plugin v27.4 - https:\/\/yoast.com\/product\/yoast-seo-wordpress\/ -->\n<title>Servicios - Falin<\/title>\n<meta name=\"description\" content=\"Encuentra la propiedad de tus sue\u00f1os. Falin ofrece promoci\u00f3n, construcci\u00f3n de todo tipo de edificaciones y gesti\u00f3n de patrimonio.\" \/>\n<meta name=\"robots\" content=\"index, follow, max-snippet:-1, max-image-preview:large, max-video-preview:-1\" \/>\n<link rel=\"canonical\" href=\"https:\/\/grupofalin.com\/en\/servicios\/\" \/>\n<meta property=\"og:locale\" content=\"en_GB\" \/>\n<meta property=\"og:type\" content=\"article\" \/>\n<meta property=\"og:title\" content=\"Servicios - Falin\" \/>\n<meta property=\"og:description\" content=\"Encuentra la propiedad de tus sue\u00f1os. Falin ofrece promoci\u00f3n, construcci\u00f3n de todo tipo de edificaciones y gesti\u00f3n de patrimonio.\" \/>\n<meta property=\"og:url\" content=\"https:\/\/grupofalin.com\/en\/servicios\/\" \/>\n<meta property=\"og:site_name\" content=\"Falin\" \/>\n<meta property=\"article:modified_time\" content=\"2024-03-14T11:58:04+00:00\" \/>\n<meta property=\"og:image\" content=\"https:\/\/grupofalin.com\/wp-content\/uploads\/2024\/03\/cropped-Grupo-Falin.png\" \/>\n\t<meta property=\"og:image:width\" content=\"5467\" \/>\n\t<meta property=\"og:image:height\" content=\"1084\" \/>\n\t<meta property=\"og:image:type\" content=\"image\/png\" \/>\n<meta name=\"twitter:card\" content=\"summary_large_image\" \/>\n<meta name=\"twitter:label1\" content=\"Estimated reading time\" \/>\n\t<meta name=\"twitter:data1\" content=\"1 minute\" \/>\n<script type=\"application\/ld+json\" class=\"yoast-schema-graph\">{\"@context\":\"https:\\\/\\\/schema.org\",\"@graph\":[{\"@type\":\"WebPage\",\"@id\":\"https:\\\/\\\/grupofalin.com\\\/servicios\\\/\",\"url\":\"https:\\\/\\\/grupofalin.com\\\/servicios\\\/\",\"name\":\"Servicios - Falin\",\"isPartOf\":{\"@id\":\"https:\\\/\\\/grupofalin.com\\\/#website\"},\"datePublished\":\"2023-09-13T08:19:24+00:00\",\"dateModified\":\"2024-03-14T11:58:04+00:00\",\"description\":\"Encuentra la propiedad de tus sue\u00f1os. Falin ofrece promoci\u00f3n, construcci\u00f3n de todo tipo de edificaciones y gesti\u00f3n de patrimonio.\",\"breadcrumb\":{\"@id\":\"https:\\\/\\\/grupofalin.com\\\/servicios\\\/#breadcrumb\"},\"inLanguage\":\"en-GB\",\"potentialAction\":[{\"@type\":\"ReadAction\",\"target\":[\"https:\\\/\\\/grupofalin.com\\\/servicios\\\/\"]}]},{\"@type\":\"BreadcrumbList\",\"@id\":\"https:\\\/\\\/grupofalin.com\\\/servicios\\\/#breadcrumb\",\"itemListElement\":[{\"@type\":\"ListItem\",\"position\":1,\"name\":\"Grupo Falin\",\"item\":\"https:\\\/\\\/grupofalin.com\\\/\"},{\"@type\":\"ListItem\",\"position\":2,\"name\":\"Servicios\"}]},{\"@type\":\"WebSite\",\"@id\":\"https:\\\/\\\/grupofalin.com\\\/#website\",\"url\":\"https:\\\/\\\/grupofalin.com\\\/\",\"name\":\"Falin\",\"description\":\"Venta y Alquiler de Inmuebles\",\"publisher\":{\"@id\":\"https:\\\/\\\/grupofalin.com\\\/#organization\"},\"alternateName\":\"Grupo Falin\",\"potentialAction\":[{\"@type\":\"SearchAction\",\"target\":{\"@type\":\"EntryPoint\",\"urlTemplate\":\"https:\\\/\\\/grupofalin.com\\\/?s={search_term_string}\"},\"query-input\":{\"@type\":\"PropertyValueSpecification\",\"valueRequired\":true,\"valueName\":\"search_term_string\"}}],\"inLanguage\":\"en-GB\"},{\"@type\":\"Organization\",\"@id\":\"https:\\\/\\\/grupofalin.com\\\/#organization\",\"name\":\"Falin\",\"alternateName\":\"Grupo Falin\",\"url\":\"https:\\\/\\\/grupofalin.com\\\/\",\"logo\":{\"@type\":\"ImageObject\",\"inLanguage\":\"en-GB\",\"@id\":\"https:\\\/\\\/grupofalin.com\\\/#\\\/schema\\\/logo\\\/image\\\/\",\"url\":\"https:\\\/\\\/grupofalin.com\\\/wp-content\\\/uploads\\\/2024\\\/03\\\/Grupo-Falin.png\",\"contentUrl\":\"https:\\\/\\\/grupofalin.com\\\/wp-content\\\/uploads\\\/2024\\\/03\\\/Grupo-Falin.png\",\"width\":5558,\"height\":1086,\"caption\":\"Falin\"},\"image\":{\"@id\":\"https:\\\/\\\/grupofalin.com\\\/#\\\/schema\\\/logo\\\/image\\\/\"}}]}<\/script>\n<!-- \/ Yoast SEO plugin. -->","yoast_head_json":{"title":"Servicios - Falin","description":"Encuentra la propiedad de tus sue\u00f1os. Falin ofrece promoci\u00f3n, construcci\u00f3n de todo tipo de edificaciones y gesti\u00f3n de patrimonio.","robots":{"index":"index","follow":"follow","max-snippet":"max-snippet:-1","max-image-preview":"max-image-preview:large","max-video-preview":"max-video-preview:-1"},"canonical":"https:\/\/grupofalin.com\/en\/servicios\/","og_locale":"en_GB","og_type":"article","og_title":"Servicios - Falin","og_description":"Encuentra la propiedad de tus sue\u00f1os. Falin ofrece promoci\u00f3n, construcci\u00f3n de todo tipo de edificaciones y gesti\u00f3n de patrimonio.","og_url":"https:\/\/grupofalin.com\/en\/servicios\/","og_site_name":"Falin","article_modified_time":"2024-03-14T11:58:04+00:00","og_image":[{"width":5467,"height":1084,"url":"https:\/\/grupofalin.com\/wp-content\/uploads\/2024\/03\/cropped-Grupo-Falin.png","type":"image\/png"}],"twitter_card":"summary_large_image","twitter_misc":{"Estimated reading time":"1 minute"},"schema":{"@context":"https:\/\/schema.org","@graph":[{"@type":"WebPage","@id":"https:\/\/grupofalin.com\/servicios\/","url":"https:\/\/grupofalin.com\/servicios\/","name":"Servicios - Falin","isPartOf":{"@id":"https:\/\/grupofalin.com\/#website"},"datePublished":"2023-09-13T08:19:24+00:00","dateModified":"2024-03-14T11:58:04+00:00","description":"Encuentra la propiedad de tus sue\u00f1os. Falin ofrece promoci\u00f3n, construcci\u00f3n de todo tipo de edificaciones y gesti\u00f3n de patrimonio.","breadcrumb":{"@id":"https:\/\/grupofalin.com\/servicios\/#breadcrumb"},"inLanguage":"en-GB","potentialAction":[{"@type":"ReadAction","target":["https:\/\/grupofalin.com\/servicios\/"]}]},{"@type":"BreadcrumbList","@id":"https:\/\/grupofalin.com\/servicios\/#breadcrumb","itemListElement":[{"@type":"ListItem","position":1,"name":"Grupo Falin","item":"https:\/\/grupofalin.com\/"},{"@type":"ListItem","position":2,"name":"Servicios"}]},{"@type":"WebSite","@id":"https:\/\/grupofalin.com\/#website","url":"https:\/\/grupofalin.com\/","name":"Falin","description":"Venta y Alquiler de Inmuebles","publisher":{"@id":"https:\/\/grupofalin.com\/#organization"},"alternateName":"Grupo Falin","potentialAction":[{"@type":"SearchAction","target":{"@type":"EntryPoint","urlTemplate":"https:\/\/grupofalin.com\/?s={search_term_string}"},"query-input":{"@type":"PropertyValueSpecification","valueRequired":true,"valueName":"search_term_string"}}],"inLanguage":"en-GB"},{"@type":"Organization","@id":"https:\/\/grupofalin.com\/#organization","name":"Falin","alternateName":"Grupo Falin","url":"https:\/\/grupofalin.com\/","logo":{"@type":"ImageObject","inLanguage":"en-GB","@id":"https:\/\/grupofalin.com\/#\/schema\/logo\/image\/","url":"https:\/\/grupofalin.com\/wp-content\/uploads\/2024\/03\/Grupo-Falin.png","contentUrl":"https:\/\/grupofalin.com\/wp-content\/uploads\/2024\/03\/Grupo-Falin.png","width":5558,"height":1086,"caption":"Falin"},"image":{"@id":"https:\/\/grupofalin.com\/#\/schema\/logo\/image\/"}}]}},"_links":{"self":[{"href":"https:\/\/grupofalin.com\/en\/wp-json\/wp\/v2\/pages\/42","targetHints":{"allow":["GET"]}}],"collection":[{"href":"https:\/\/grupofalin.com\/en\/wp-json\/wp\/v2\/pages"}],"about":[{"href":"https:\/\/grupofalin.com\/en\/wp-json\/wp\/v2\/types\/page"}],"author":[{"embeddable":true,"href":"https:\/\/grupofalin.com\/en\/wp-json\/wp\/v2\/users\/1"}],"replies":[{"embeddable":true,"href":"https:\/\/grupofalin.com\/en\/wp-json\/wp\/v2\/comments?post=42"}],"version-history":[{"count":59,"href":"https:\/\/grupofalin.com\/en\/wp-json\/wp\/v2\/pages\/42\/revisions"}],"predecessor-version":[{"id":1446,"href":"https:\/\/grupofalin.com\/en\/wp-json\/wp\/v2\/pages\/42\/revisions\/1446"}],"wp:attachment":[{"href":"https:\/\/grupofalin.com\/en\/wp-json\/wp\/v2\/media?parent=42"}],"curies":[{"name":"wp","href":"https:\/\/api.w.org\/{rel}","templated":true}]}}