{"id":131,"date":"2023-09-13T10:34:38","date_gmt":"2023-09-13T08:34:38","guid":{"rendered":"http:\/\/ndwgmdk.cluster028.hosting.ovh.net\/advanced-search\/"},"modified":"2024-03-14T13:25:04","modified_gmt":"2024-03-14T11:25:04","slug":"propiedades","status":"publish","type":"page","link":"https:\/\/grupofalin.com\/en\/propiedades\/","title":{"rendered":"Propiedades"},"content":{"rendered":"<div data-elementor-type=\"wp-page\" data-elementor-id=\"131\" class=\"elementor elementor-131\" data-elementor-post-type=\"page\">\n\t\t\t\t<div class=\"elementor-element elementor-element-3464fcf e-flex e-con-boxed e-con e-parent\" data-id=\"3464fcf\" data-element_type=\"container\" data-e-type=\"container\" data-settings=\"{&quot;background_background&quot;:&quot;classic&quot;}\">\n\t\t\t\t\t<div class=\"e-con-inner\">\n\t\t<div class=\"elementor-element elementor-element-07af6aa e-con-full e-flex e-con e-child\" data-id=\"07af6aa\" data-element_type=\"container\" data-e-type=\"container\">\n\t\t\t\t<div class=\"elementor-element elementor-element-b8a7bb1 elementor-widget elementor-widget-heading\" data-id=\"b8a7bb1\" data-element_type=\"widget\" data-e-type=\"widget\" data-widget_type=\"heading.default\">\n\t\t\t\t<div class=\"elementor-widget-container\">\n\t\t\t\t\t<h2 class=\"elementor-heading-title elementor-size-default\">Propiedades<\/h2>\t\t\t\t<\/div>\n\t\t\t\t<\/div>\n\t\t\t\t<div class=\"elementor-element elementor-element-b39f9a1 elementor-widget elementor-widget-heading\" data-id=\"b39f9a1\" data-element_type=\"widget\" data-e-type=\"widget\" data-widget_type=\"heading.default\">\n\t\t\t\t<div class=\"elementor-widget-container\">\n\t\t\t\t\t<h5 class=\"elementor-heading-title elementor-size-default\">Tenemos lo que necesitas a la venta o en alquiler<\/h5>\t\t\t\t<\/div>\n\t\t\t\t<\/div>\n\t\t<div class=\"elementor-element elementor-element-46b3189 e-flex e-con-boxed e-con e-child\" data-id=\"46b3189\" data-element_type=\"container\" data-e-type=\"container\">\n\t\t\t\t\t<div class=\"e-con-inner\">\n\t\t\t\t<div class=\"elementor-element elementor-element-d136f24 elementor-view-default elementor-position-block-start elementor-mobile-position-block-start elementor-widget elementor-widget-icon-box\" data-id=\"d136f24\" data-element_type=\"widget\" data-e-type=\"widget\" data-widget_type=\"icon-box.default\">\n\t\t\t\t<div class=\"elementor-widget-container\">\n\t\t\t\t\t\t\t<div class=\"elementor-icon-box-wrapper\">\n\n\t\t\t\t\t\t<div class=\"elementor-icon-box-icon\">\n\t\t\t\t<a href=\"\/en\/propiedades\/\" class=\"elementor-icon\" tabindex=\"-1\" aria-label=\"Todas las&lt;br&gt;propiedades\">\n\t\t\t\t<i aria-hidden=\"true\" class=\"fas fa-layer-group\"><\/i>\t\t\t\t<\/a>\n\t\t\t<\/div>\n\t\t\t\n\t\t\t\t\t\t<div class=\"elementor-icon-box-content\">\n\n\t\t\t\t\t\t\t\t\t<h3 class=\"elementor-icon-box-title\">\n\t\t\t\t\t\t<a href=\"\/en\/propiedades\/\" >\n\t\t\t\t\t\t\tTodas las<br>propiedades\t\t\t\t\t\t<\/a>\n\t\t\t\t\t<\/h3>\n\t\t\t\t\n\t\t\t\t\n\t\t\t<\/div>\n\t\t\t\n\t\t<\/div>\n\t\t\t\t\t\t<\/div>\n\t\t\t\t<\/div>\n\t\t\t\t<div class=\"elementor-element elementor-element-a2d5806 elementor-view-default elementor-position-block-start elementor-mobile-position-block-start elementor-widget elementor-widget-icon-box\" data-id=\"a2d5806\" data-element_type=\"widget\" data-e-type=\"widget\" data-widget_type=\"icon-box.default\">\n\t\t\t\t<div class=\"elementor-widget-container\">\n\t\t\t\t\t\t\t<div class=\"elementor-icon-box-wrapper\">\n\n\t\t\t\t\t\t<div class=\"elementor-icon-box-icon\">\n\t\t\t\t<a href=\"\/en\/category\/viviendas\/\" class=\"elementor-icon\" tabindex=\"-1\" aria-label=\"Viviendas\">\n\t\t\t\t<i aria-hidden=\"true\" class=\"fas fa-home\"><\/i>\t\t\t\t<\/a>\n\t\t\t<\/div>\n\t\t\t\n\t\t\t\t\t\t<div class=\"elementor-icon-box-content\">\n\n\t\t\t\t\t\t\t\t\t<h3 class=\"elementor-icon-box-title\">\n\t\t\t\t\t\t<a href=\"\/en\/category\/viviendas\/\" >\n\t\t\t\t\t\t\tViviendas\t\t\t\t\t\t<\/a>\n\t\t\t\t\t<\/h3>\n\t\t\t\t\n\t\t\t\t\n\t\t\t<\/div>\n\t\t\t\n\t\t<\/div>\n\t\t\t\t\t\t<\/div>\n\t\t\t\t<\/div>\n\t\t\t\t<div class=\"elementor-element elementor-element-7973ae1 elementor-view-default elementor-position-block-start elementor-mobile-position-block-start elementor-widget elementor-widget-icon-box\" data-id=\"7973ae1\" data-element_type=\"widget\" data-e-type=\"widget\" data-widget_type=\"icon-box.default\">\n\t\t\t\t<div class=\"elementor-widget-container\">\n\t\t\t\t\t\t\t<div class=\"elementor-icon-box-wrapper\">\n\n\t\t\t\t\t\t<div class=\"elementor-icon-box-icon\">\n\t\t\t\t<a href=\"\/en\/category\/garajes\/\" class=\"elementor-icon\" tabindex=\"-1\" aria-label=\"Garajes\">\n\t\t\t\t<i aria-hidden=\"true\" class=\"fas fa-warehouse\"><\/i>\t\t\t\t<\/a>\n\t\t\t<\/div>\n\t\t\t\n\t\t\t\t\t\t<div class=\"elementor-icon-box-content\">\n\n\t\t\t\t\t\t\t\t\t<h3 class=\"elementor-icon-box-title\">\n\t\t\t\t\t\t<a href=\"\/en\/category\/garajes\/\" >\n\t\t\t\t\t\t\tGarajes\t\t\t\t\t\t<\/a>\n\t\t\t\t\t<\/h3>\n\t\t\t\t\n\t\t\t\t\n\t\t\t<\/div>\n\t\t\t\n\t\t<\/div>\n\t\t\t\t\t\t<\/div>\n\t\t\t\t<\/div>\n\t\t\t\t<div class=\"elementor-element elementor-element-ecc05e6 elementor-view-default elementor-position-block-start elementor-mobile-position-block-start elementor-widget elementor-widget-icon-box\" data-id=\"ecc05e6\" data-element_type=\"widget\" data-e-type=\"widget\" data-widget_type=\"icon-box.default\">\n\t\t\t\t<div class=\"elementor-widget-container\">\n\t\t\t\t\t\t\t<div class=\"elementor-icon-box-wrapper\">\n\n\t\t\t\t\t\t<div class=\"elementor-icon-box-icon\">\n\t\t\t\t<a href=\"\/en\/category\/locales-comerciales\/\" class=\"elementor-icon\" tabindex=\"-1\" aria-label=\"Locales\">\n\t\t\t\t<i aria-hidden=\"true\" class=\"fas fa-store\"><\/i>\t\t\t\t<\/a>\n\t\t\t<\/div>\n\t\t\t\n\t\t\t\t\t\t<div class=\"elementor-icon-box-content\">\n\n\t\t\t\t\t\t\t\t\t<h3 class=\"elementor-icon-box-title\">\n\t\t\t\t\t\t<a href=\"\/en\/category\/locales-comerciales\/\" >\n\t\t\t\t\t\t\tLocales\t\t\t\t\t\t<\/a>\n\t\t\t\t\t<\/h3>\n\t\t\t\t\n\t\t\t\t\n\t\t\t<\/div>\n\t\t\t\n\t\t<\/div>\n\t\t\t\t\t\t<\/div>\n\t\t\t\t<\/div>\n\t\t\t\t<div class=\"elementor-element elementor-element-0680af2 elementor-view-default elementor-position-block-start elementor-mobile-position-block-start elementor-widget elementor-widget-icon-box\" data-id=\"0680af2\" data-element_type=\"widget\" data-e-type=\"widget\" data-widget_type=\"icon-box.default\">\n\t\t\t\t<div class=\"elementor-widget-container\">\n\t\t\t\t\t\t\t<div class=\"elementor-icon-box-wrapper\">\n\n\t\t\t\t\t\t<div class=\"elementor-icon-box-icon\">\n\t\t\t\t<a href=\"\/en\/category\/naves-industriales\/\" class=\"elementor-icon\" tabindex=\"-1\" aria-label=\"Naves\">\n\t\t\t\t<i aria-hidden=\"true\" class=\"fas fa-industry\"><\/i>\t\t\t\t<\/a>\n\t\t\t<\/div>\n\t\t\t\n\t\t\t\t\t\t<div class=\"elementor-icon-box-content\">\n\n\t\t\t\t\t\t\t\t\t<h3 class=\"elementor-icon-box-title\">\n\t\t\t\t\t\t<a href=\"\/en\/category\/naves-industriales\/\" >\n\t\t\t\t\t\t\tNaves\t\t\t\t\t\t<\/a>\n\t\t\t\t\t<\/h3>\n\t\t\t\t\n\t\t\t\t\n\t\t\t<\/div>\n\t\t\t\n\t\t<\/div>\n\t\t\t\t\t\t<\/div>\n\t\t\t\t<\/div>\n\t\t\t\t\t<\/div>\n\t\t\t\t<\/div>\n\t\t\t\t<\/div>\n\t\t\t\t\t<\/div>\n\t\t\t\t<\/div>\n\t\t<div class=\"elementor-element elementor-element-7a80580 e-flex e-con-boxed e-con e-parent\" data-id=\"7a80580\" data-element_type=\"container\" data-e-type=\"container\">\n\t\t\t\t\t<div class=\"e-con-inner\">\n\t\t\t\t<div class=\"elementor-element elementor-element-a66ce8e elementor-posts--align-center elementor-posts__hover-none elementor-grid-3 elementor-grid-tablet-2 elementor-grid-mobile-1 elementor-posts--thumbnail-top elementor-widget elementor-widget-posts\" data-id=\"a66ce8e\" data-element_type=\"widget\" data-e-type=\"widget\" data-settings=\"{&quot;cards_columns&quot;:&quot;3&quot;,&quot;cards_columns_tablet&quot;:&quot;2&quot;,&quot;cards_columns_mobile&quot;:&quot;1&quot;,&quot;cards_row_gap&quot;:{&quot;unit&quot;:&quot;px&quot;,&quot;size&quot;:35,&quot;sizes&quot;:[]},&quot;cards_row_gap_tablet&quot;:{&quot;unit&quot;:&quot;px&quot;,&quot;size&quot;:&quot;&quot;,&quot;sizes&quot;:[]},&quot;cards_row_gap_mobile&quot;:{&quot;unit&quot;:&quot;px&quot;,&quot;size&quot;:&quot;&quot;,&quot;sizes&quot;:[]}}\" data-widget_type=\"posts.cards\">\n\t\t\t\t<div class=\"elementor-widget-container\">\n\t\t\t\t\t\t\t<div class=\"elementor-posts-container elementor-posts elementor-posts--skin-cards elementor-grid\" role=\"list\">\n\t\t\t\t<article class=\"elementor-post elementor-grid-item post-1331 post type-post status-publish format-standard has-post-thumbnail hentry category-garajes tag-alicante tag-alquiler tag-garaje\" role=\"listitem\">\n\t\t\t<div class=\"elementor-post__card\">\n\t\t\t\t<a class=\"elementor-post__thumbnail__link\" href=\"https:\/\/grupofalin.com\/en\/garajes-puerta-de-vistahermosa\/\" tabindex=\"-1\" ><div class=\"elementor-post__thumbnail\"><img fetchpriority=\"high\" decoding=\"async\" width=\"600\" height=\"600\" src=\"https:\/\/grupofalin.com\/wp-content\/uploads\/2023\/09\/0002_WhatsApp-Image-2023-09-14-at-12.45.36.jpg\" class=\"attachment-large size-large wp-image-729\" alt=\"\" srcset=\"https:\/\/grupofalin.com\/wp-content\/uploads\/2023\/09\/0002_WhatsApp-Image-2023-09-14-at-12.45.36.jpg 600w, https:\/\/grupofalin.com\/wp-content\/uploads\/2023\/09\/0002_WhatsApp-Image-2023-09-14-at-12.45.36-300x300.jpg 300w, https:\/\/grupofalin.com\/wp-content\/uploads\/2023\/09\/0002_WhatsApp-Image-2023-09-14-at-12.45.36-150x150.jpg 150w, https:\/\/grupofalin.com\/wp-content\/uploads\/2023\/09\/0002_WhatsApp-Image-2023-09-14-at-12.45.36-12x12.jpg 12w\" sizes=\"(max-width: 600px) 100vw, 600px\" \/><\/div><\/a>\n\t\t\t\t<div class=\"elementor-post__badge\">Garajes<\/div>\n\t\t\t\t<div class=\"elementor-post__text\">\n\t\t\t\t<h3 class=\"elementor-post__title\">\n\t\t\t<a href=\"https:\/\/grupofalin.com\/en\/garajes-puerta-de-vistahermosa\/\" >\n\t\t\t\tGarajes Puerta de Vistahermosa\t\t\t<\/a>\n\t\t<\/h3>\n\t\t\t\t<\/div>\n\t\t\t\t\t<\/div>\n\t\t<\/article>\n\t\t\t\t<article class=\"elementor-post elementor-grid-item post-1329 post type-post status-publish format-standard has-post-thumbnail hentry category-locales-comerciales tag-elche tag-venta\" role=\"listitem\">\n\t\t\t<div class=\"elementor-post__card\">\n\t\t\t\t<a class=\"elementor-post__thumbnail__link\" href=\"https:\/\/grupofalin.com\/en\/local-comercial-en-las-bayas\/\" tabindex=\"-1\" ><div class=\"elementor-post__thumbnail\"><img decoding=\"async\" width=\"600\" height=\"600\" src=\"https:\/\/grupofalin.com\/wp-content\/uploads\/2023\/09\/0003_WhatsApp-Image-2023-09-14-at-12.44.39.jpg\" class=\"attachment-large size-large wp-image-728\" alt=\"\" srcset=\"https:\/\/grupofalin.com\/wp-content\/uploads\/2023\/09\/0003_WhatsApp-Image-2023-09-14-at-12.44.39.jpg 600w, https:\/\/grupofalin.com\/wp-content\/uploads\/2023\/09\/0003_WhatsApp-Image-2023-09-14-at-12.44.39-300x300.jpg 300w, https:\/\/grupofalin.com\/wp-content\/uploads\/2023\/09\/0003_WhatsApp-Image-2023-09-14-at-12.44.39-150x150.jpg 150w, https:\/\/grupofalin.com\/wp-content\/uploads\/2023\/09\/0003_WhatsApp-Image-2023-09-14-at-12.44.39-12x12.jpg 12w\" sizes=\"(max-width: 600px) 100vw, 600px\" \/><\/div><\/a>\n\t\t\t\t<div class=\"elementor-post__badge\">Locales comerciales<\/div>\n\t\t\t\t<div class=\"elementor-post__text\">\n\t\t\t\t<h3 class=\"elementor-post__title\">\n\t\t\t<a href=\"https:\/\/grupofalin.com\/en\/local-comercial-en-las-bayas\/\" >\n\t\t\t\tLocal comercial en Las Bayas\t\t\t<\/a>\n\t\t<\/h3>\n\t\t\t\t<\/div>\n\t\t\t\t\t<\/div>\n\t\t<\/article>\n\t\t\t\t<article class=\"elementor-post elementor-grid-item post-1327 post type-post status-publish format-standard has-post-thumbnail hentry category-naves-industriales tag-alquiler tag-nave-industrial tag-santa-pola\" role=\"listitem\">\n\t\t\t<div class=\"elementor-post__card\">\n\t\t\t\t<a class=\"elementor-post__thumbnail__link\" href=\"https:\/\/grupofalin.com\/en\/nave-industrial-en-santa-pola\/\" tabindex=\"-1\" ><div class=\"elementor-post__thumbnail\"><img decoding=\"async\" width=\"800\" height=\"600\" src=\"https:\/\/grupofalin.com\/wp-content\/uploads\/2024\/03\/Falin-Urbana-Naves.jpg\" class=\"attachment-large size-large wp-image-904\" alt=\"\" srcset=\"https:\/\/grupofalin.com\/wp-content\/uploads\/2024\/03\/Falin-Urbana-Naves.jpg 901w, https:\/\/grupofalin.com\/wp-content\/uploads\/2024\/03\/Falin-Urbana-Naves-300x225.jpg 300w, https:\/\/grupofalin.com\/wp-content\/uploads\/2024\/03\/Falin-Urbana-Naves-768x576.jpg 768w, https:\/\/grupofalin.com\/wp-content\/uploads\/2024\/03\/Falin-Urbana-Naves-16x12.jpg 16w\" sizes=\"(max-width: 800px) 100vw, 800px\" \/><\/div><\/a>\n\t\t\t\t<div class=\"elementor-post__badge\">Naves industriales<\/div>\n\t\t\t\t<div class=\"elementor-post__text\">\n\t\t\t\t<h3 class=\"elementor-post__title\">\n\t\t\t<a href=\"https:\/\/grupofalin.com\/en\/nave-industrial-en-santa-pola\/\" >\n\t\t\t\tNave industrial en Santa Pola\t\t\t<\/a>\n\t\t<\/h3>\n\t\t\t\t<\/div>\n\t\t\t\t\t<\/div>\n\t\t<\/article>\n\t\t\t\t<article class=\"elementor-post elementor-grid-item post-1325 post type-post status-publish format-standard has-post-thumbnail hentry category-garajes tag-alquiler tag-elche tag-garaje\" role=\"listitem\">\n\t\t\t<div class=\"elementor-post__card\">\n\t\t\t\t<a class=\"elementor-post__thumbnail__link\" href=\"https:\/\/grupofalin.com\/en\/garaje-en-el-sector-v\/\" tabindex=\"-1\" ><div class=\"elementor-post__thumbnail\"><img loading=\"lazy\" decoding=\"async\" width=\"600\" height=\"600\" src=\"https:\/\/grupofalin.com\/wp-content\/uploads\/2023\/09\/0006_WhatsApp-Image-2023-09-14-at-12.42.41.jpg\" class=\"attachment-large size-large wp-image-725\" alt=\"\" srcset=\"https:\/\/grupofalin.com\/wp-content\/uploads\/2023\/09\/0006_WhatsApp-Image-2023-09-14-at-12.42.41.jpg 600w, https:\/\/grupofalin.com\/wp-content\/uploads\/2023\/09\/0006_WhatsApp-Image-2023-09-14-at-12.42.41-300x300.jpg 300w, https:\/\/grupofalin.com\/wp-content\/uploads\/2023\/09\/0006_WhatsApp-Image-2023-09-14-at-12.42.41-150x150.jpg 150w, https:\/\/grupofalin.com\/wp-content\/uploads\/2023\/09\/0006_WhatsApp-Image-2023-09-14-at-12.42.41-12x12.jpg 12w\" sizes=\"(max-width: 600px) 100vw, 600px\" \/><\/div><\/a>\n\t\t\t\t<div class=\"elementor-post__badge\">Garajes<\/div>\n\t\t\t\t<div class=\"elementor-post__text\">\n\t\t\t\t<h3 class=\"elementor-post__title\">\n\t\t\t<a href=\"https:\/\/grupofalin.com\/en\/garaje-en-el-sector-v\/\" >\n\t\t\t\tGaraje en el Sector V\t\t\t<\/a>\n\t\t<\/h3>\n\t\t\t\t<\/div>\n\t\t\t\t\t<\/div>\n\t\t<\/article>\n\t\t\t\t<article class=\"elementor-post elementor-grid-item post-1224 post type-post status-publish format-standard has-post-thumbnail hentry category-alquiler category-viviendas tag-alquiler tag-elche tag-grupo-falin tag-pisos\" role=\"listitem\">\n\t\t\t<div class=\"elementor-post__card\">\n\t\t\t\t<a class=\"elementor-post__thumbnail__link\" href=\"https:\/\/grupofalin.com\/en\/vivienda-en-alquiler-en-la-calle-camino-de-los-magros\/\" tabindex=\"-1\" ><div class=\"elementor-post__thumbnail\"><img loading=\"lazy\" decoding=\"async\" width=\"600\" height=\"600\" src=\"https:\/\/grupofalin.com\/wp-content\/uploads\/2023\/09\/0001_WhatsApp-Image-2023-09-14-at-12.46.24.jpg\" class=\"attachment-large size-large wp-image-730\" alt=\"\" srcset=\"https:\/\/grupofalin.com\/wp-content\/uploads\/2023\/09\/0001_WhatsApp-Image-2023-09-14-at-12.46.24.jpg 600w, https:\/\/grupofalin.com\/wp-content\/uploads\/2023\/09\/0001_WhatsApp-Image-2023-09-14-at-12.46.24-300x300.jpg 300w, https:\/\/grupofalin.com\/wp-content\/uploads\/2023\/09\/0001_WhatsApp-Image-2023-09-14-at-12.46.24-150x150.jpg 150w, https:\/\/grupofalin.com\/wp-content\/uploads\/2023\/09\/0001_WhatsApp-Image-2023-09-14-at-12.46.24-12x12.jpg 12w\" sizes=\"(max-width: 600px) 100vw, 600px\" \/><\/div><\/a>\n\t\t\t\t<div class=\"elementor-post__badge\">Alquiler<\/div>\n\t\t\t\t<div class=\"elementor-post__text\">\n\t\t\t\t<h3 class=\"elementor-post__title\">\n\t\t\t<a href=\"https:\/\/grupofalin.com\/en\/vivienda-en-alquiler-en-la-calle-camino-de-los-magros\/\" >\n\t\t\t\tVivienda en alquiler en la calle Camino de los Magros\t\t\t<\/a>\n\t\t<\/h3>\n\t\t\t\t<\/div>\n\t\t\t\t\t<\/div>\n\t\t<\/article>\n\t\t\t\t<article class=\"elementor-post elementor-grid-item post-1221 post type-post status-publish format-standard has-post-thumbnail hentry category-alquiler category-viviendas tag-alicante tag-alquiler tag-grupo-falin tag-pisos\" role=\"listitem\">\n\t\t\t<div class=\"elementor-post__card\">\n\t\t\t\t<a class=\"elementor-post__thumbnail__link\" href=\"https:\/\/grupofalin.com\/en\/edificio-en-la-calle-rambla-de-mendez-nunez\/\" tabindex=\"-1\" ><div class=\"elementor-post__thumbnail\"><img loading=\"lazy\" decoding=\"async\" width=\"600\" height=\"600\" src=\"https:\/\/grupofalin.com\/wp-content\/uploads\/2023\/09\/0002_WhatsApp-Image-2023-09-14-at-12.03.11.jpg\" class=\"attachment-large size-large wp-image-713\" alt=\"\" srcset=\"https:\/\/grupofalin.com\/wp-content\/uploads\/2023\/09\/0002_WhatsApp-Image-2023-09-14-at-12.03.11.jpg 600w, https:\/\/grupofalin.com\/wp-content\/uploads\/2023\/09\/0002_WhatsApp-Image-2023-09-14-at-12.03.11-300x300.jpg 300w, https:\/\/grupofalin.com\/wp-content\/uploads\/2023\/09\/0002_WhatsApp-Image-2023-09-14-at-12.03.11-150x150.jpg 150w, https:\/\/grupofalin.com\/wp-content\/uploads\/2023\/09\/0002_WhatsApp-Image-2023-09-14-at-12.03.11-12x12.jpg 12w\" sizes=\"(max-width: 600px) 100vw, 600px\" \/><\/div><\/a>\n\t\t\t\t<div class=\"elementor-post__badge\">Alquiler<\/div>\n\t\t\t\t<div class=\"elementor-post__text\">\n\t\t\t\t<h3 class=\"elementor-post__title\">\n\t\t\t<a href=\"https:\/\/grupofalin.com\/en\/edificio-en-la-calle-rambla-de-mendez-nunez\/\" >\n\t\t\t\tEdificio en la calle Rambla de M\u00e9ndez N\u00fa\u00f1ez\t\t\t<\/a>\n\t\t<\/h3>\n\t\t\t\t<\/div>\n\t\t\t\t\t<\/div>\n\t\t<\/article>\n\t\t\t\t<\/div>\n\t\t\n\t\t\t\t\t\t<\/div>\n\t\t\t\t<\/div>\n\t\t\t\t\t<\/div>\n\t\t\t\t<\/div>\n\t\t\t\t<\/div>","protected":false},"excerpt":{"rendered":"<p>Encuentra la propiedad de tus sue\u00f1os. Grupo Falin ofrece propiedades a la venta y en alquiler.<\/p>","protected":false},"author":1,"featured_media":0,"parent":0,"menu_order":0,"comment_status":"closed","ping_status":"closed","template":"","meta":{"footnotes":""},"class_list":["post-131","page","type-page","status-publish","hentry"],"yoast_head":"<!-- This site is optimized with the Yoast SEO plugin v27.4 - https:\/\/yoast.com\/product\/yoast-seo-wordpress\/ -->\n<title>Propiedades - Falin<\/title>\n<meta name=\"description\" content=\"Encuentra la propiedad de tus sue\u00f1os. Falin ofrece promoci\u00f3n, construcci\u00f3n de todo tipo de edificaciones y gesti\u00f3n de patrimonio.\" \/>\n<meta name=\"robots\" content=\"index, follow, max-snippet:-1, max-image-preview:large, max-video-preview:-1\" \/>\n<link rel=\"canonical\" href=\"https:\/\/grupofalin.com\/en\/propiedades\/\" \/>\n<meta property=\"og:locale\" content=\"en_GB\" \/>\n<meta property=\"og:type\" content=\"article\" \/>\n<meta property=\"og:title\" content=\"Propiedades - Falin\" \/>\n<meta property=\"og:description\" content=\"Encuentra la propiedad de tus sue\u00f1os. Falin ofrece promoci\u00f3n, construcci\u00f3n de todo tipo de edificaciones y gesti\u00f3n de patrimonio.\" \/>\n<meta property=\"og:url\" content=\"https:\/\/grupofalin.com\/en\/propiedades\/\" \/>\n<meta property=\"og:site_name\" content=\"Falin\" \/>\n<meta property=\"article:modified_time\" content=\"2024-03-14T11:25:04+00:00\" \/>\n<meta property=\"og:image\" content=\"https:\/\/grupofalin.com\/wp-content\/uploads\/2024\/03\/cropped-Grupo-Falin.png\" \/>\n\t<meta property=\"og:image:width\" content=\"5467\" \/>\n\t<meta property=\"og:image:height\" content=\"1084\" \/>\n\t<meta property=\"og:image:type\" content=\"image\/png\" \/>\n<meta name=\"twitter:card\" content=\"summary_large_image\" \/>\n<meta name=\"twitter:label1\" content=\"Estimated reading time\" \/>\n\t<meta name=\"twitter:data1\" content=\"2 minutes\" \/>\n<script type=\"application\/ld+json\" class=\"yoast-schema-graph\">{\"@context\":\"https:\\\/\\\/schema.org\",\"@graph\":[{\"@type\":\"WebPage\",\"@id\":\"https:\\\/\\\/grupofalin.com\\\/propiedades\\\/\",\"url\":\"https:\\\/\\\/grupofalin.com\\\/propiedades\\\/\",\"name\":\"Propiedades - Falin\",\"isPartOf\":{\"@id\":\"https:\\\/\\\/grupofalin.com\\\/#website\"},\"datePublished\":\"2023-09-13T08:34:38+00:00\",\"dateModified\":\"2024-03-14T11:25:04+00:00\",\"description\":\"Encuentra la propiedad de tus sue\u00f1os. Falin ofrece promoci\u00f3n, construcci\u00f3n de todo tipo de edificaciones y gesti\u00f3n de patrimonio.\",\"breadcrumb\":{\"@id\":\"https:\\\/\\\/grupofalin.com\\\/propiedades\\\/#breadcrumb\"},\"inLanguage\":\"en-GB\",\"potentialAction\":[{\"@type\":\"ReadAction\",\"target\":[\"https:\\\/\\\/grupofalin.com\\\/propiedades\\\/\"]}]},{\"@type\":\"BreadcrumbList\",\"@id\":\"https:\\\/\\\/grupofalin.com\\\/propiedades\\\/#breadcrumb\",\"itemListElement\":[{\"@type\":\"ListItem\",\"position\":1,\"name\":\"Grupo Falin\",\"item\":\"https:\\\/\\\/grupofalin.com\\\/\"},{\"@type\":\"ListItem\",\"position\":2,\"name\":\"Propiedades\"}]},{\"@type\":\"WebSite\",\"@id\":\"https:\\\/\\\/grupofalin.com\\\/#website\",\"url\":\"https:\\\/\\\/grupofalin.com\\\/\",\"name\":\"Falin\",\"description\":\"Venta y Alquiler de Inmuebles\",\"publisher\":{\"@id\":\"https:\\\/\\\/grupofalin.com\\\/#organization\"},\"alternateName\":\"Grupo Falin\",\"potentialAction\":[{\"@type\":\"SearchAction\",\"target\":{\"@type\":\"EntryPoint\",\"urlTemplate\":\"https:\\\/\\\/grupofalin.com\\\/?s={search_term_string}\"},\"query-input\":{\"@type\":\"PropertyValueSpecification\",\"valueRequired\":true,\"valueName\":\"search_term_string\"}}],\"inLanguage\":\"en-GB\"},{\"@type\":\"Organization\",\"@id\":\"https:\\\/\\\/grupofalin.com\\\/#organization\",\"name\":\"Falin\",\"alternateName\":\"Grupo Falin\",\"url\":\"https:\\\/\\\/grupofalin.com\\\/\",\"logo\":{\"@type\":\"ImageObject\",\"inLanguage\":\"en-GB\",\"@id\":\"https:\\\/\\\/grupofalin.com\\\/#\\\/schema\\\/logo\\\/image\\\/\",\"url\":\"https:\\\/\\\/grupofalin.com\\\/wp-content\\\/uploads\\\/2024\\\/03\\\/Grupo-Falin.png\",\"contentUrl\":\"https:\\\/\\\/grupofalin.com\\\/wp-content\\\/uploads\\\/2024\\\/03\\\/Grupo-Falin.png\",\"width\":5558,\"height\":1086,\"caption\":\"Falin\"},\"image\":{\"@id\":\"https:\\\/\\\/grupofalin.com\\\/#\\\/schema\\\/logo\\\/image\\\/\"}}]}<\/script>\n<!-- \/ Yoast SEO plugin. -->","yoast_head_json":{"title":"Propiedades - Falin","description":"Encuentra la propiedad de tus sue\u00f1os. Falin ofrece promoci\u00f3n, construcci\u00f3n de todo tipo de edificaciones y gesti\u00f3n de patrimonio.","robots":{"index":"index","follow":"follow","max-snippet":"max-snippet:-1","max-image-preview":"max-image-preview:large","max-video-preview":"max-video-preview:-1"},"canonical":"https:\/\/grupofalin.com\/en\/propiedades\/","og_locale":"en_GB","og_type":"article","og_title":"Propiedades - Falin","og_description":"Encuentra la propiedad de tus sue\u00f1os. Falin ofrece promoci\u00f3n, construcci\u00f3n de todo tipo de edificaciones y gesti\u00f3n de patrimonio.","og_url":"https:\/\/grupofalin.com\/en\/propiedades\/","og_site_name":"Falin","article_modified_time":"2024-03-14T11:25:04+00:00","og_image":[{"width":5467,"height":1084,"url":"https:\/\/grupofalin.com\/wp-content\/uploads\/2024\/03\/cropped-Grupo-Falin.png","type":"image\/png"}],"twitter_card":"summary_large_image","twitter_misc":{"Estimated reading time":"2 minutes"},"schema":{"@context":"https:\/\/schema.org","@graph":[{"@type":"WebPage","@id":"https:\/\/grupofalin.com\/propiedades\/","url":"https:\/\/grupofalin.com\/propiedades\/","name":"Propiedades - Falin","isPartOf":{"@id":"https:\/\/grupofalin.com\/#website"},"datePublished":"2023-09-13T08:34:38+00:00","dateModified":"2024-03-14T11:25:04+00:00","description":"Encuentra la propiedad de tus sue\u00f1os. Falin ofrece promoci\u00f3n, construcci\u00f3n de todo tipo de edificaciones y gesti\u00f3n de patrimonio.","breadcrumb":{"@id":"https:\/\/grupofalin.com\/propiedades\/#breadcrumb"},"inLanguage":"en-GB","potentialAction":[{"@type":"ReadAction","target":["https:\/\/grupofalin.com\/propiedades\/"]}]},{"@type":"BreadcrumbList","@id":"https:\/\/grupofalin.com\/propiedades\/#breadcrumb","itemListElement":[{"@type":"ListItem","position":1,"name":"Grupo Falin","item":"https:\/\/grupofalin.com\/"},{"@type":"ListItem","position":2,"name":"Propiedades"}]},{"@type":"WebSite","@id":"https:\/\/grupofalin.com\/#website","url":"https:\/\/grupofalin.com\/","name":"Falin","description":"Venta y Alquiler de Inmuebles","publisher":{"@id":"https:\/\/grupofalin.com\/#organization"},"alternateName":"Grupo Falin","potentialAction":[{"@type":"SearchAction","target":{"@type":"EntryPoint","urlTemplate":"https:\/\/grupofalin.com\/?s={search_term_string}"},"query-input":{"@type":"PropertyValueSpecification","valueRequired":true,"valueName":"search_term_string"}}],"inLanguage":"en-GB"},{"@type":"Organization","@id":"https:\/\/grupofalin.com\/#organization","name":"Falin","alternateName":"Grupo Falin","url":"https:\/\/grupofalin.com\/","logo":{"@type":"ImageObject","inLanguage":"en-GB","@id":"https:\/\/grupofalin.com\/#\/schema\/logo\/image\/","url":"https:\/\/grupofalin.com\/wp-content\/uploads\/2024\/03\/Grupo-Falin.png","contentUrl":"https:\/\/grupofalin.com\/wp-content\/uploads\/2024\/03\/Grupo-Falin.png","width":5558,"height":1086,"caption":"Falin"},"image":{"@id":"https:\/\/grupofalin.com\/#\/schema\/logo\/image\/"}}]}},"_links":{"self":[{"href":"https:\/\/grupofalin.com\/en\/wp-json\/wp\/v2\/pages\/131","targetHints":{"allow":["GET"]}}],"collection":[{"href":"https:\/\/grupofalin.com\/en\/wp-json\/wp\/v2\/pages"}],"about":[{"href":"https:\/\/grupofalin.com\/en\/wp-json\/wp\/v2\/types\/page"}],"author":[{"embeddable":true,"href":"https:\/\/grupofalin.com\/en\/wp-json\/wp\/v2\/users\/1"}],"replies":[{"embeddable":true,"href":"https:\/\/grupofalin.com\/en\/wp-json\/wp\/v2\/comments?post=131"}],"version-history":[{"count":124,"href":"https:\/\/grupofalin.com\/en\/wp-json\/wp\/v2\/pages\/131\/revisions"}],"predecessor-version":[{"id":1426,"href":"https:\/\/grupofalin.com\/en\/wp-json\/wp\/v2\/pages\/131\/revisions\/1426"}],"wp:attachment":[{"href":"https:\/\/grupofalin.com\/en\/wp-json\/wp\/v2\/media?parent=131"}],"curies":[{"name":"wp","href":"https:\/\/api.w.org\/{rel}","templated":true}]}}